{"id":5,"date":"2021-05-26T11:31:07","date_gmt":"2021-05-26T16:31:07","guid":{"rendered":"http:\/\/miseguroconfiable.local\/?page_id=5"},"modified":"2021-09-07T11:44:56","modified_gmt":"2021-09-07T16:44:56","slug":"mi-seguro-confiable","status":"publish","type":"page","link":"https:\/\/miseguroconfiable.com\/en\/","title":{"rendered":"My reliable insurance"},"content":{"rendered":"<div data-elementor-type=\"wp-page\" data-elementor-id=\"5\" class=\"elementor elementor-5\">\n\t\t\t\t\t\t\t\t\t<section class=\"elementor-section elementor-top-section elementor-element elementor-element-02749e0 elementor-section-boxed elementor-section-height-default elementor-section-height-default\" data-id=\"02749e0\" data-element_type=\"section\">\n\t\t\t\t\t\t<div class=\"elementor-container elementor-column-gap-default\">\n\t\t\t\t\t<div class=\"elementor-column elementor-col-100 elementor-top-column elementor-element elementor-element-209cba0\" data-id=\"209cba0\" data-element_type=\"column\">\n\t\t\t<div class=\"elementor-widget-wrap elementor-element-populated\">\n\t\t\t\t\t\t\t\t<div class=\"elementor-element elementor-element-069d346 elementor-widget elementor-widget-heading\" data-id=\"069d346\" data-element_type=\"widget\" data-widget_type=\"heading.default\">\n\t\t\t\t<div class=\"elementor-widget-container\">\n\t\t\t<h2 class=\"elementor-heading-title elementor-size-xl\">What can I insure?<\/h2>\t\t<\/div>\n\t\t\t\t<\/div>\n\t\t\t\t<section class=\"elementor-section elementor-inner-section elementor-element elementor-element-8ec56d5 elementor-section-boxed elementor-section-height-default elementor-section-height-default\" data-id=\"8ec56d5\" data-element_type=\"section\">\n\t\t\t\t\t\t<div class=\"elementor-container elementor-column-gap-default\">\n\t\t\t\t\t<div class=\"elementor-column elementor-col-25 elementor-inner-column elementor-element elementor-element-b2b65bb\" data-id=\"b2b65bb\" data-element_type=\"column\">\n\t\t\t<div class=\"elementor-widget-wrap elementor-element-populated\">\n\t\t\t\t\t\t\t\t<div class=\"elementor-element elementor-element-9297dbd elementor-view-stacked elementor-shape-circle elementor-widget elementor-widget-icon\" data-id=\"9297dbd\" data-element_type=\"widget\" data-widget_type=\"icon.default\">\n\t\t\t\t<div class=\"elementor-widget-container\">\n\t\t\t\t\t<div class=\"elementor-icon-wrapper\">\n\t\t\t<a class=\"elementor-icon\" href=\"https:\/\/miseguroconfiable.com\/en\/vida\/\">\n\t\t\t<i aria-hidden=\"true\" class=\"fas fa-users\"><\/i>\t\t\t<\/a>\n\t\t<\/div>\n\t\t\t\t<\/div>\n\t\t\t\t<\/div>\n\t\t\t\t<div class=\"elementor-element elementor-element-7d4bdcb elementor-widget elementor-widget-heading\" data-id=\"7d4bdcb\" data-element_type=\"widget\" data-widget_type=\"heading.default\">\n\t\t\t\t<div class=\"elementor-widget-container\">\n\t\t\t<h3 class=\"elementor-heading-title elementor-size-default\"><a href=\"https:\/\/miseguroconfiable.com\/en\/vida\/\">Sure of <b>Life<\/b><\/a><\/h3>\t\t<\/div>\n\t\t\t\t<\/div>\n\t\t\t\t\t<\/div>\n\t\t<\/div>\n\t\t\t\t<div class=\"elementor-column elementor-col-25 elementor-inner-column elementor-element elementor-element-69f008e\" data-id=\"69f008e\" data-element_type=\"column\">\n\t\t\t<div class=\"elementor-widget-wrap elementor-element-populated\">\n\t\t\t\t\t\t\t\t<div class=\"elementor-element elementor-element-ddcd34d elementor-view-stacked elementor-shape-circle elementor-widget elementor-widget-icon\" data-id=\"ddcd34d\" data-element_type=\"widget\" data-widget_type=\"icon.default\">\n\t\t\t\t<div class=\"elementor-widget-container\">\n\t\t\t\t\t<div class=\"elementor-icon-wrapper\">\n\t\t\t<a class=\"elementor-icon\" href=\"https:\/\/miseguroconfiable.com\/en\/salud\/\">\n\t\t\t<i aria-hidden=\"true\" class=\"fas fa-stethoscope\"><\/i>\t\t\t<\/a>\n\t\t<\/div>\n\t\t\t\t<\/div>\n\t\t\t\t<\/div>\n\t\t\t\t<div class=\"elementor-element elementor-element-d4f844c elementor-widget elementor-widget-heading\" data-id=\"d4f844c\" data-element_type=\"widget\" data-widget_type=\"heading.default\">\n\t\t\t\t<div class=\"elementor-widget-container\">\n\t\t\t<h3 class=\"elementor-heading-title elementor-size-default\"><a href=\"https:\/\/miseguroconfiable.com\/en\/salud\/\">Sure of <b>Health<\/b><\/a><\/h3>\t\t<\/div>\n\t\t\t\t<\/div>\n\t\t\t\t\t<\/div>\n\t\t<\/div>\n\t\t\t\t<div class=\"elementor-column elementor-col-25 elementor-inner-column elementor-element elementor-element-df1126e\" data-id=\"df1126e\" data-element_type=\"column\">\n\t\t\t<div class=\"elementor-widget-wrap elementor-element-populated\">\n\t\t\t\t\t\t\t\t<div class=\"elementor-element elementor-element-992f9c7 elementor-view-stacked elementor-shape-circle elementor-widget elementor-widget-icon\" data-id=\"992f9c7\" data-element_type=\"widget\" data-widget_type=\"icon.default\">\n\t\t\t\t<div class=\"elementor-widget-container\">\n\t\t\t\t\t<div class=\"elementor-icon-wrapper\">\n\t\t\t<a class=\"elementor-icon\" href=\"https:\/\/miseguroconfiable.com\/en\/hogar\/\">\n\t\t\t<i aria-hidden=\"true\" class=\"fas fa-home\"><\/i>\t\t\t<\/a>\n\t\t<\/div>\n\t\t\t\t<\/div>\n\t\t\t\t<\/div>\n\t\t\t\t<div class=\"elementor-element elementor-element-adaf937 elementor-widget elementor-widget-heading\" data-id=\"adaf937\" data-element_type=\"widget\" data-widget_type=\"heading.default\">\n\t\t\t\t<div class=\"elementor-widget-container\">\n\t\t\t<h3 class=\"elementor-heading-title elementor-size-default\"><a href=\"https:\/\/miseguroconfiable.com\/en\/hogar\/\">Sure of <b>Home<\/b><\/a><\/h3>\t\t<\/div>\n\t\t\t\t<\/div>\n\t\t\t\t\t<\/div>\n\t\t<\/div>\n\t\t\t\t<div class=\"elementor-column elementor-col-25 elementor-inner-column elementor-element elementor-element-75aeb10\" data-id=\"75aeb10\" data-element_type=\"column\">\n\t\t\t<div class=\"elementor-widget-wrap elementor-element-populated\">\n\t\t\t\t\t\t\t\t<div class=\"elementor-element elementor-element-c1ec6dd elementor-view-stacked elementor-shape-circle elementor-widget elementor-widget-icon\" data-id=\"c1ec6dd\" data-element_type=\"widget\" data-widget_type=\"icon.default\">\n\t\t\t\t<div class=\"elementor-widget-container\">\n\t\t\t\t\t<div class=\"elementor-icon-wrapper\">\n\t\t\t<a class=\"elementor-icon\" href=\"https:\/\/miseguroconfiable.com\/en\/automotores\/\">\n\t\t\t<i aria-hidden=\"true\" class=\"fas fa-car\"><\/i>\t\t\t<\/a>\n\t\t<\/div>\n\t\t\t\t<\/div>\n\t\t\t\t<\/div>\n\t\t\t\t<div class=\"elementor-element elementor-element-6cc76bb elementor-widget elementor-widget-heading\" data-id=\"6cc76bb\" data-element_type=\"widget\" data-widget_type=\"heading.default\">\n\t\t\t\t<div class=\"elementor-widget-container\">\n\t\t\t<h3 class=\"elementor-heading-title elementor-size-default\"><a href=\"https:\/\/miseguroconfiable.com\/en\/automotores\/\">Sure of <b>cars<\/b><\/a><\/h3>\t\t<\/div>\n\t\t\t\t<\/div>\n\t\t\t\t\t<\/div>\n\t\t<\/div>\n\t\t\t\t\t\t\t<\/div>\n\t\t<\/section>\n\t\t\t\t\t<\/div>\n\t\t<\/div>\n\t\t\t\t\t\t\t<\/div>\n\t\t<\/section>\n\t\t\t\t<section class=\"elementor-section elementor-top-section elementor-element elementor-element-58fd9de elementor-section-stretched elementor-section-boxed elementor-section-height-default elementor-section-height-default\" data-id=\"58fd9de\" data-element_type=\"section\" data-settings=\"{&quot;stretch_section&quot;:&quot;section-stretched&quot;,&quot;background_background&quot;:&quot;classic&quot;}\">\n\t\t\t\t\t\t<div class=\"elementor-container elementor-column-gap-default\">\n\t\t\t\t\t<div class=\"elementor-column elementor-col-100 elementor-top-column elementor-element elementor-element-f02a31f\" data-id=\"f02a31f\" data-element_type=\"column\">\n\t\t\t<div class=\"elementor-widget-wrap elementor-element-populated\">\n\t\t\t\t\t\t\t\t<div class=\"elementor-element elementor-element-9bdeab5 elementor-widget elementor-widget-heading\" data-id=\"9bdeab5\" data-element_type=\"widget\" data-widget_type=\"heading.default\">\n\t\t\t\t<div class=\"elementor-widget-container\">\n\t\t\t<h2 class=\"elementor-heading-title elementor-size-xl\">About us?<\/h2>\t\t<\/div>\n\t\t\t\t<\/div>\n\t\t\t\t<section class=\"elementor-section elementor-inner-section elementor-element elementor-element-6b6d0b8 elementor-section-boxed elementor-section-height-default elementor-section-height-default\" data-id=\"6b6d0b8\" data-element_type=\"section\">\n\t\t\t\t\t\t<div class=\"elementor-container elementor-column-gap-default\">\n\t\t\t\t\t<div class=\"elementor-column elementor-col-50 elementor-inner-column elementor-element elementor-element-d20a949\" data-id=\"d20a949\" data-element_type=\"column\">\n\t\t\t<div class=\"elementor-widget-wrap elementor-element-populated\">\n\t\t\t\t\t\t\t\t<div class=\"elementor-element elementor-element-21414b1 elementor-widget elementor-widget-image\" data-id=\"21414b1\" data-element_type=\"widget\" data-widget_type=\"image.default\">\n\t\t\t\t<div class=\"elementor-widget-container\">\n\t\t\t\t\t\t\t\t\t\t\t\t\t\t\t<img loading=\"lazy\" decoding=\"async\" width=\"960\" height=\"640\" src=\"https:\/\/miseguroconfiable.com\/wp-content\/uploads\/2021\/07\/quienes-somos.jpg\" class=\"attachment-large size-large wp-image-344\" alt=\"\" srcset=\"https:\/\/miseguroconfiable.com\/wp-content\/uploads\/2021\/07\/quienes-somos.jpg 960w, https:\/\/miseguroconfiable.com\/wp-content\/uploads\/2021\/07\/quienes-somos-480x320.jpg 480w, https:\/\/miseguroconfiable.com\/wp-content\/uploads\/2021\/07\/quienes-somos-768x512.jpg 768w\" sizes=\"auto, (max-width: 960px) 100vw, 960px\" \/>\t\t\t\t\t\t\t\t\t\t\t\t\t\t\t<\/div>\n\t\t\t\t<\/div>\n\t\t\t\t\t<\/div>\n\t\t<\/div>\n\t\t\t\t<div class=\"elementor-column elementor-col-50 elementor-inner-column elementor-element elementor-element-247d253\" data-id=\"247d253\" data-element_type=\"column\">\n\t\t\t<div class=\"elementor-widget-wrap elementor-element-populated\">\n\t\t\t\t\t\t\t\t<div class=\"elementor-element elementor-element-a9569c5 elementor-widget elementor-widget-text-editor\" data-id=\"a9569c5\" data-element_type=\"widget\" data-widget_type=\"text-editor.default\">\n\t\t\t\t<div class=\"elementor-widget-container\">\n\t\t\t\t\t\t\t<p><span style=\"font-weight: 400;\">With more than 15 years of experience in the financial sector. <\/span><span style=\"font-weight: 400;\">At IM Asesores Patrimoniales we specialize in improving the financial lives of Mexican individuals and families, designing comprehensive solutions in asset protection, benefiting from cost optimization and the creation of tailored plans, strategies that we offer to help you achieve your goals. financial goals.<\/span><\/p>\t\t\t\t\t\t<\/div>\n\t\t\t\t<\/div>\n\t\t\t\t\t<\/div>\n\t\t<\/div>\n\t\t\t\t\t\t\t<\/div>\n\t\t<\/section>\n\t\t\t\t\t<\/div>\n\t\t<\/div>\n\t\t\t\t\t\t\t<\/div>\n\t\t<\/section>\n\t\t\t\t<section class=\"elementor-section elementor-top-section elementor-element elementor-element-bf8e5f0 elementor-section-boxed elementor-section-height-default elementor-section-height-default\" data-id=\"bf8e5f0\" data-element_type=\"section\">\n\t\t\t\t\t\t<div class=\"elementor-container elementor-column-gap-default\">\n\t\t\t\t\t<div class=\"elementor-column elementor-col-100 elementor-top-column elementor-element elementor-element-efa6e6c\" data-id=\"efa6e6c\" data-element_type=\"column\">\n\t\t\t<div class=\"elementor-widget-wrap elementor-element-populated\">\n\t\t\t\t\t\t\t\t<div class=\"elementor-element elementor-element-c715945 elementor-widget elementor-widget-heading\" data-id=\"c715945\" data-element_type=\"widget\" data-widget_type=\"heading.default\">\n\t\t\t\t<div class=\"elementor-widget-container\">\n\t\t\t<h2 class=\"elementor-heading-title elementor-size-xl\">Our mission<\/h2>\t\t<\/div>\n\t\t\t\t<\/div>\n\t\t\t\t<div class=\"elementor-element elementor-element-030450a elementor-widget elementor-widget-text-editor\" data-id=\"030450a\" data-element_type=\"widget\" data-widget_type=\"text-editor.default\">\n\t\t\t\t<div class=\"elementor-widget-container\">\n\t\t\t\t\t\t\t<p><span style=\"font-weight: 400;\">Contribute to improving the financial health of our clients through innovative solutions and services that mitigate all types of risks and enhance their assets.<\/span><\/p>\t\t\t\t\t\t<\/div>\n\t\t\t\t<\/div>\n\t\t\t\t<div class=\"elementor-element elementor-element-8a74d69 elementor-align-left elementor-icon-list--layout-traditional elementor-list-item-link-full_width elementor-widget elementor-widget-icon-list\" data-id=\"8a74d69\" data-element_type=\"widget\" data-widget_type=\"icon-list.default\">\n\t\t\t\t<div class=\"elementor-widget-container\">\n\t\t\t\t\t<ul class=\"elementor-icon-list-items\">\n\t\t\t\t\t\t\t<li class=\"elementor-icon-list-item\">\n\t\t\t\t\t\t\t\t\t\t\t<span class=\"elementor-icon-list-icon\">\n\t\t\t\t\t\t\t<i aria-hidden=\"true\" class=\"fas fa-check-circle\"><\/i>\t\t\t\t\t\t<\/span>\n\t\t\t\t\t\t\t\t\t\t<span class=\"elementor-icon-list-text\">We RESEARCH and ANALYSIS of options to deliver a professional and personalized recommendation in health, life, savings and\/or investment.<\/span>\n\t\t\t\t\t\t\t\t\t<\/li>\n\t\t\t\t\t\t\t\t<li class=\"elementor-icon-list-item\">\n\t\t\t\t\t\t\t\t\t\t\t<span class=\"elementor-icon-list-icon\">\n\t\t\t\t\t\t\t<i aria-hidden=\"true\" class=\"fas fa-check-circle\"><\/i>\t\t\t\t\t\t<\/span>\n\t\t\t\t\t\t\t\t\t\t<span class=\"elementor-icon-list-text\">We analyze any policy to IMPROVE COST, COVERAGE or SUM insured conditions.<\/span>\n\t\t\t\t\t\t\t\t\t<\/li>\n\t\t\t\t\t\t\t\t<li class=\"elementor-icon-list-item\">\n\t\t\t\t\t\t\t\t\t\t\t<span class=\"elementor-icon-list-icon\">\n\t\t\t\t\t\t\t<i aria-hidden=\"true\" class=\"fas fa-check-circle\"><\/i>\t\t\t\t\t\t<\/span>\n\t\t\t\t\t\t\t\t\t\t<span class=\"elementor-icon-list-text\">NO AGE LIMIT to insure medical expenses. People with hypertension, diabetes or obesity can be insured. We offer special discounts (up to 30%) for policies for the elderly.<\/span>\n\t\t\t\t\t\t\t\t\t<\/li>\n\t\t\t\t\t\t\t\t<li class=\"elementor-icon-list-item\">\n\t\t\t\t\t\t\t\t\t\t\t<span class=\"elementor-icon-list-icon\">\n\t\t\t\t\t\t\t<i aria-hidden=\"true\" class=\"fas fa-check-circle\"><\/i>\t\t\t\t\t\t<\/span>\n\t\t\t\t\t\t\t\t\t\t<span class=\"elementor-icon-list-text\">We offer personalized attention in claims to ENSURE REFUNDS.<\/span>\n\t\t\t\t\t\t\t\t\t<\/li>\n\t\t\t\t\t\t\t\t<li class=\"elementor-icon-list-item\">\n\t\t\t\t\t\t\t\t\t\t\t<span class=\"elementor-icon-list-icon\">\n\t\t\t\t\t\t\t<i aria-hidden=\"true\" class=\"fas fa-check-circle\"><\/i>\t\t\t\t\t\t<\/span>\n\t\t\t\t\t\t\t\t\t\t<span class=\"elementor-icon-list-text\">We offer annual, semi-annual, quarterly or monthly payments, as well as interest-free months.<\/span>\n\t\t\t\t\t\t\t\t\t<\/li>\n\t\t\t\t\t\t<\/ul>\n\t\t\t\t<\/div>\n\t\t\t\t<\/div>\n\t\t\t\t\t<\/div>\n\t\t<\/div>\n\t\t\t\t\t\t\t<\/div>\n\t\t<\/section>\n\t\t\t\t<section class=\"elementor-section elementor-top-section elementor-element elementor-element-6d5f0f9 elementor-section-boxed elementor-section-height-default elementor-section-height-default\" data-id=\"6d5f0f9\" data-element_type=\"section\">\n\t\t\t\t\t\t<div class=\"elementor-container elementor-column-gap-default\">\n\t\t\t\t\t<div class=\"elementor-column elementor-col-100 elementor-top-column elementor-element elementor-element-da1a8e5\" data-id=\"da1a8e5\" data-element_type=\"column\">\n\t\t\t<div class=\"elementor-widget-wrap elementor-element-populated\">\n\t\t\t\t\t\t\t\t<div class=\"elementor-element elementor-element-c3a18e5 elementor-widget elementor-widget-heading\" data-id=\"c3a18e5\" data-element_type=\"widget\" data-widget_type=\"heading.default\">\n\t\t\t\t<div class=\"elementor-widget-container\">\n\t\t\t<h2 class=\"elementor-heading-title elementor-size-xl\">News<\/h2>\t\t<\/div>\n\t\t\t\t<\/div>\n\t\t\t\t<div class=\"elementor-element elementor-element-74c1d18 elementor-widget elementor-widget-shortcode\" data-id=\"74c1d18\" data-element_type=\"widget\" data-widget_type=\"shortcode.default\">\n\t\t\t\t<div class=\"elementor-widget-container\">\n\t\t\t\t\t<div class=\"elementor-shortcode\"><style>.wp-show-posts-columns#wpsp-376 {margin-left: -2em; }.wp-show-posts-columns#wpsp-376 .wp-show-posts-inner {margin: 0 0 2em 2em; }<\/style><section id=\"wpsp-376\" class=\"wp-show-posts-columns wp-show-posts\" style=\"\"><article class=\"wp-show-posts-single post-387 post type-post status-publish format-standard has-post-thumbnail hentry category-uncategorized wpsp-col-3\" itemtype=\"http:\/\/schema.org\/CreativeWork\" itemscope><div class=\"wp-show-posts-inner\" style=\"\">\t\t<div class=\"wp-show-posts-image  wpsp-image-center\">\n\t\t\t<a href=\"https:\/\/miseguroconfiable.com\/en\/estamos-para-cubrir-lo-que-es-importante-para-vos\/\"  title=\"Medical expenses insurance, financial base that helps to age well\"><img loading=\"lazy\" decoding=\"async\" width=\"1280\" height=\"720\" src=\"https:\/\/miseguroconfiable.com\/wp-content\/uploads\/2021\/07\/8.jpg\" class=\"attachment-full size-full wp-post-image\" alt=\"\" itemprop=\"image\" srcset=\"https:\/\/miseguroconfiable.com\/wp-content\/uploads\/2021\/07\/8.jpg 1280w, https:\/\/miseguroconfiable.com\/wp-content\/uploads\/2021\/07\/8-480x270.jpg 480w, https:\/\/miseguroconfiable.com\/wp-content\/uploads\/2021\/07\/8-768x432.jpg 768w\" sizes=\"auto, (max-width: 1280px) 100vw, 1280px\" \/><\/a>\t\t<\/div>\n\t\t\t\t\t\t\t\t<header class=\"wp-show-posts-entry-header\">\n\t\t\t\t\t\t\t<h4 class=\"wp-show-posts-entry-title\" itemprop=\"headline\"><a href=\"https:\/\/miseguroconfiable.com\/en\/estamos-para-cubrir-lo-que-es-importante-para-vos\/\" rel=\"bookmark\">Medical expenses insurance, financial base that helps to age well<\/a><\/h4>\t\t\t\t\t\t<\/header><!-- .entry-header -->\n\t\t\t\t\t\t\t\t\t\t\t<div class=\"wp-show-posts-entry-summary\" itemprop=\"text\">\n\t\t\t\t\t\t\t<p>Anticipating the health problems that could condition your day to day, the acquisition of Medical Expenses insurance takes on unprecedented relevance, as it emerges as a solid financial base that helps people age well.<\/p>\n\t\t\t\t\t\t<\/div><!-- .entry-summary -->\n\t\t\t\t\t<div class=\"wpsp-read-more\"><a title=\"Medical expenses insurance, financial base that helps to age well\" class=\"boton\" href=\"https:\/\/miseguroconfiable.com\/en\/estamos-para-cubrir-lo-que-es-importante-para-vos\/\">Read more<\/a><\/div><\/div><!-- wp-show-posts-inner --><\/article><article class=\"wp-show-posts-single post-385 post type-post status-publish format-standard has-post-thumbnail hentry category-uncategorized wpsp-col-3\" itemtype=\"http:\/\/schema.org\/CreativeWork\" itemscope><div class=\"wp-show-posts-inner\" style=\"\">\t\t<div class=\"wp-show-posts-image  wpsp-image-center\">\n\t\t\t<a href=\"https:\/\/miseguroconfiable.com\/en\/90-de-accidentes-viales-pueden-evitarse-cumpliendo-medidas-basicas-de-seguridad\/\"  title=\"90 % of road accidents can be avoided by complying with basic safety measures\"><img loading=\"lazy\" decoding=\"async\" width=\"1280\" height=\"720\" src=\"https:\/\/miseguroconfiable.com\/wp-content\/uploads\/2021\/07\/Diseno-sin-titulo-1.jpg\" class=\"attachment-full size-full wp-post-image\" alt=\"manejo\" itemprop=\"image\" srcset=\"https:\/\/miseguroconfiable.com\/wp-content\/uploads\/2021\/07\/Diseno-sin-titulo-1.jpg 1280w, https:\/\/miseguroconfiable.com\/wp-content\/uploads\/2021\/07\/Diseno-sin-titulo-1-480x270.jpg 480w, https:\/\/miseguroconfiable.com\/wp-content\/uploads\/2021\/07\/Diseno-sin-titulo-1-768x432.jpg 768w\" sizes=\"auto, (max-width: 1280px) 100vw, 1280px\" \/><\/a>\t\t<\/div>\n\t\t\t\t\t\t\t\t<header class=\"wp-show-posts-entry-header\">\n\t\t\t\t\t\t\t<h4 class=\"wp-show-posts-entry-title\" itemprop=\"headline\"><a href=\"https:\/\/miseguroconfiable.com\/en\/90-de-accidentes-viales-pueden-evitarse-cumpliendo-medidas-basicas-de-seguridad\/\" rel=\"bookmark\">90 % of road accidents can be avoided by complying with basic safety measures<\/a><\/h4>\t\t\t\t\t\t<\/header><!-- .entry-header -->\n\t\t\t\t\t\t\t\t\t\t\t<div class=\"wp-show-posts-entry-summary\" itemprop=\"text\">\n\t\t\t\t\t\t\t<p>According to information from the Maneja tu vida program, 90 percent of the automobile accidents that occur could be avoided just by complying with basic security measures; so changing driving habits is important.<\/p>\n\t\t\t\t\t\t<\/div><!-- .entry-summary -->\n\t\t\t\t\t<div class=\"wpsp-read-more\"><a title=\"90 % of road accidents can be avoided by complying with basic safety measures\" class=\"boton\" href=\"https:\/\/miseguroconfiable.com\/en\/90-de-accidentes-viales-pueden-evitarse-cumpliendo-medidas-basicas-de-seguridad\/\">Read more<\/a><\/div><\/div><!-- wp-show-posts-inner --><\/article><article class=\"wp-show-posts-single post-383 post type-post status-publish format-standard has-post-thumbnail hentry category-uncategorized wpsp-col-3\" itemtype=\"http:\/\/schema.org\/CreativeWork\" itemscope><div class=\"wp-show-posts-inner\" style=\"\">\t\t<div class=\"wp-show-posts-image  wpsp-image-center\">\n\t\t\t<a href=\"https:\/\/miseguroconfiable.com\/en\/delimitar-objetivos-claros-es-una-jugada-maestra-al-iniciar-un-plan-de-ahorro\/\"  title=\"Defining clear objectives is a master move when starting a savings plan\"><img loading=\"lazy\" decoding=\"async\" width=\"1280\" height=\"720\" src=\"https:\/\/miseguroconfiable.com\/wp-content\/uploads\/2021\/07\/eco-economia.jpg\" class=\"attachment-full size-full wp-post-image\" alt=\"\" itemprop=\"image\" srcset=\"https:\/\/miseguroconfiable.com\/wp-content\/uploads\/2021\/07\/eco-economia.jpg 1280w, https:\/\/miseguroconfiable.com\/wp-content\/uploads\/2021\/07\/eco-economia-480x270.jpg 480w, https:\/\/miseguroconfiable.com\/wp-content\/uploads\/2021\/07\/eco-economia-768x432.jpg 768w\" sizes=\"auto, (max-width: 1280px) 100vw, 1280px\" \/><\/a>\t\t<\/div>\n\t\t\t\t\t\t\t\t<header class=\"wp-show-posts-entry-header\">\n\t\t\t\t\t\t\t<h4 class=\"wp-show-posts-entry-title\" itemprop=\"headline\"><a href=\"https:\/\/miseguroconfiable.com\/en\/delimitar-objetivos-claros-es-una-jugada-maestra-al-iniciar-un-plan-de-ahorro\/\" rel=\"bookmark\">Defining clear objectives is a master move when starting a savings plan<\/a><\/h4>\t\t\t\t\t\t<\/header><!-- .entry-header -->\n\t\t\t\t\t\t\t\t\t\t\t<div class=\"wp-show-posts-entry-summary\" itemprop=\"text\">\n\t\t\t\t\t\t\t<p>Saving can be one of the most difficult tasks; so it is essential to know where you want to go, avoid compulsive purchases and in this sense, establish a plan that makes the path to take care of personal finances easier.<\/p>\n\t\t\t\t\t\t<\/div><!-- .entry-summary -->\n\t\t\t\t\t<div class=\"wpsp-read-more\"><a title=\"Defining clear objectives is a master move when starting a savings plan\" class=\"boton\" href=\"https:\/\/miseguroconfiable.com\/en\/delimitar-objetivos-claros-es-una-jugada-maestra-al-iniciar-un-plan-de-ahorro\/\">Read more<\/a><\/div><\/div><!-- wp-show-posts-inner --><\/article><article class=\"wp-show-posts-single post-1 post type-post status-publish format-standard has-post-thumbnail hentry category-uncategorized tag-motociclistas tag-seguro-de-vehiculos wpsp-col-3\" itemtype=\"http:\/\/schema.org\/CreativeWork\" itemscope><div class=\"wp-show-posts-inner\" style=\"\">\t\t<div class=\"wp-show-posts-image  wpsp-image-center\">\n\t\t\t<a href=\"https:\/\/miseguroconfiable.com\/en\/a-pesar-de-su-obligatoriedad-solo-8-6-de-los-motociclistas-cuenta-con-un-seguro\/\"  title=\"Despite its obligation, only 8.6% of motorcyclists have insurance\"><img loading=\"lazy\" decoding=\"async\" width=\"1280\" height=\"720\" src=\"https:\/\/miseguroconfiable.com\/wp-content\/uploads\/2021\/07\/Diseno-sin-titulo.jpg\" class=\"attachment-full size-full wp-post-image\" alt=\"seguro de motociclistas\" itemprop=\"image\" srcset=\"https:\/\/miseguroconfiable.com\/wp-content\/uploads\/2021\/07\/Diseno-sin-titulo.jpg 1280w, https:\/\/miseguroconfiable.com\/wp-content\/uploads\/2021\/07\/Diseno-sin-titulo-480x270.jpg 480w, https:\/\/miseguroconfiable.com\/wp-content\/uploads\/2021\/07\/Diseno-sin-titulo-768x432.jpg 768w\" sizes=\"auto, (max-width: 1280px) 100vw, 1280px\" \/><\/a>\t\t<\/div>\n\t\t\t\t\t\t\t\t<header class=\"wp-show-posts-entry-header\">\n\t\t\t\t\t\t\t<h4 class=\"wp-show-posts-entry-title\" itemprop=\"headline\"><a href=\"https:\/\/miseguroconfiable.com\/en\/a-pesar-de-su-obligatoriedad-solo-8-6-de-los-motociclistas-cuenta-con-un-seguro\/\" rel=\"bookmark\">Despite its obligation, only 8.6% of motorcyclists have insurance<\/a><\/h4>\t\t\t\t\t\t<\/header><!-- .entry-header -->\n\t\t\t\t\t\t\t\t\t\t\t<div class=\"wp-show-posts-entry-summary\" itemprop=\"text\">\n\t\t\t\t\t\t\t<p>Of the more than 4 million motorcycles registered in Mexico, only 8.6 percent of them have some insurance, despite the fact that it is mandatory to be able to circulate on any road in the country.<\/p>\n\t\t\t\t\t\t<\/div><!-- .entry-summary -->\n\t\t\t\t\t<div class=\"wpsp-read-more\"><a title=\"Despite its obligation, only 8.6% of motorcyclists have insurance\" class=\"boton\" href=\"https:\/\/miseguroconfiable.com\/en\/a-pesar-de-su-obligatoriedad-solo-8-6-de-los-motociclistas-cuenta-con-un-seguro\/\">Read more<\/a><\/div><\/div><!-- wp-show-posts-inner --><\/article><div class=\"wpsp-clear\"><\/div><\/section><!-- .wp-show-posts --><\/div>\n\t\t\t\t<\/div>\n\t\t\t\t<\/div>\n\t\t\t\t\t<\/div>\n\t\t<\/div>\n\t\t\t\t\t\t\t<\/div>\n\t\t<\/section>\n\t\t\t\t\t\t\t<\/div>","protected":false},"excerpt":{"rendered":"<p>\u00bfQu\u00e9 puedo asegurar? Seguro de Vida Seguro de Salud Seguro de Hogar Seguro de Autos \u00bfQui\u00e9nes somos? Con m\u00e1s de 15 a\u00f1os de experiencia en el sector financiero. En IM Asesores Patrimoniales nos especializamos en mejorar la vida financiera de las personas y de las familias mexicanas, dise\u00f1ando soluciones integrales en protecci\u00f3n patrimonial, dando como &#8230; <a title=\"Despite its obligation, only 8.6% of motorcyclists have insurance\" class=\"read-more\" href=\"https:\/\/miseguroconfiable.com\/en\/a-pesar-de-su-obligatoriedad-solo-8-6-de-los-motociclistas-cuenta-con-un-seguro\/\" aria-label=\"More on A pesar de su obligatoriedad, solo 8.6% de los motociclistas cuenta con un seguro\">Read more<\/a><\/p>","protected":false},"author":1,"featured_media":0,"parent":0,"menu_order":0,"comment_status":"closed","ping_status":"closed","template":"","meta":{"footnotes":""},"class_list":["post-5","page","type-page","status-publish","hentry"],"_links":{"self":[{"href":"https:\/\/miseguroconfiable.com\/en\/wp-json\/wp\/v2\/pages\/5","targetHints":{"allow":["GET"]}}],"collection":[{"href":"https:\/\/miseguroconfiable.com\/en\/wp-json\/wp\/v2\/pages"}],"about":[{"href":"https:\/\/miseguroconfiable.com\/en\/wp-json\/wp\/v2\/types\/page"}],"author":[{"embeddable":true,"href":"https:\/\/miseguroconfiable.com\/en\/wp-json\/wp\/v2\/users\/1"}],"replies":[{"embeddable":true,"href":"https:\/\/miseguroconfiable.com\/en\/wp-json\/wp\/v2\/comments?post=5"}],"version-history":[{"count":91,"href":"https:\/\/miseguroconfiable.com\/en\/wp-json\/wp\/v2\/pages\/5\/revisions"}],"predecessor-version":[{"id":410,"href":"https:\/\/miseguroconfiable.com\/en\/wp-json\/wp\/v2\/pages\/5\/revisions\/410"}],"wp:attachment":[{"href":"https:\/\/miseguroconfiable.com\/en\/wp-json\/wp\/v2\/media?parent=5"}],"curies":[{"name":"wp","href":"https:\/\/api.w.org\/{rel}","templated":true}]}}